{"id":2186,"date":"2023-05-14T08:33:55","date_gmt":"2023-05-14T08:33:55","guid":{"rendered":"https:\/\/wp.ditsolution.net\/consen-multipurpose\/?page_id=2186"},"modified":"2024-08-23T17:36:37","modified_gmt":"2024-08-23T17:36:37","slug":"servizi","status":"publish","type":"page","link":"https:\/\/lipersecurity.it\/index.php\/servizi\/","title":{"rendered":"I nostri Servizi"},"content":{"rendered":"\t\t<div data-elementor-type=\"wp-page\" data-elementor-id=\"2186\" class=\"elementor elementor-2186\" data-elementor-post-type=\"page\">\n\t\t\t\t\t\t<section class=\"elementor-section elementor-top-section elementor-element elementor-element-240d4f6 elementor-section-boxed elementor-section-height-default elementor-section-height-default\" data-id=\"240d4f6\" data-element_type=\"section\" data-settings=\"{&quot;background_background&quot;:&quot;classic&quot;}\">\n\t\t\t\t\t\t\t<div class=\"elementor-background-overlay\"><\/div>\n\t\t\t\t\t\t\t<div class=\"elementor-container elementor-column-gap-default\">\n\t\t\t\t\t<div class=\"elementor-column elementor-col-100 elementor-top-column elementor-element elementor-element-e572de8\" data-id=\"e572de8\" data-element_type=\"column\">\n\t\t\t<div class=\"elementor-widget-wrap elementor-element-populated\">\n\t\t\t\t\t\t<section class=\"elementor-section elementor-inner-section elementor-element elementor-element-194bc9b elementor-section-boxed elementor-section-height-default elementor-section-height-default\" data-id=\"194bc9b\" data-element_type=\"section\">\n\t\t\t\t\t\t<div class=\"elementor-container elementor-column-gap-default\">\n\t\t\t\t\t<div class=\"elementor-column elementor-col-100 elementor-inner-column elementor-element elementor-element-018265f\" data-id=\"018265f\" data-element_type=\"column\">\n\t\t\t<div class=\"elementor-widget-wrap elementor-element-populated\">\n\t\t\t\t\t\t<div class=\"elementor-element elementor-element-a377137 elementor-widget elementor-widget-section-title\" data-id=\"a377137\" data-element_type=\"widget\" data-widget_type=\"section-title.default\">\n\t\t\t\t<div class=\"elementor-widget-container\">\n\t\t\t\t\t\r\n\t\t\t\t\t<div class=\"section-title style3\">\r\n\t\t\t\t \r\n\t\t\t\t\t<h5 class=\"subtitle\">Servizi su misura per proteggere ci\u00f2 che ami di pi\u00f9.<\/h5>\r\n\t\t\t\t\t\t\t\t\r\n\t\t\t\t \r\n\t\t\t\t\t<h3 class=\"title\">Tutto ci\u00f2 di cui hai bisogno per la  <br>tua <span>Sicurezza<\/span><\/h3>\r\n\t\t\t\t\t\t\t\t\r\n\t\t\t\t\t\t\t<\/div>\r\n\r\n\t\t\r\n\t\t\t\t\t\t<\/div>\n\t\t\t\t<\/div>\n\t\t\t\t\t<\/div>\n\t\t<\/div>\n\t\t\t\t\t<\/div>\n\t\t<\/section>\n\t\t\t\t<section class=\"elementor-section elementor-inner-section elementor-element elementor-element-70ebcda service elementor-section-boxed elementor-section-height-default elementor-section-height-default\" data-id=\"70ebcda\" data-element_type=\"section\">\n\t\t\t\t\t\t<div class=\"elementor-container elementor-column-gap-default\">\n\t\t\t\t\t<div class=\"elementor-column elementor-col-25 elementor-inner-column elementor-element elementor-element-3c2217d\" data-id=\"3c2217d\" data-element_type=\"column\" data-settings=\"{&quot;background_background&quot;:&quot;classic&quot;}\">\n\t\t\t<div class=\"elementor-widget-wrap elementor-element-populated\">\n\t\t\t\t\t\t<div class=\"elementor-element elementor-element-7db4306 elementor-widget elementor-widget-service\" data-id=\"7db4306\" data-element_type=\"widget\" data-widget_type=\"service.default\">\n\t\t\t\t<div class=\"elementor-widget-container\">\n\t\t\t\t\t\r\n\t\t\t\t\t<div class=\"service-box style3\">\r\n\t\t\t\t<div class=\"icon\">\r\n\t\t\t\t\t\t\t\t\t\t\t<img decoding=\"async\" src=\"https:\/\/wp.ditsolution.net\/consen-multipurpose\/wp-content\/uploads\/2023\/05\/img1.png\" alt=\"\">\r\n\t\t\t\t\t\t\t\t\t<\/div>\r\n\t\t\t\t<div class=\"content\">\r\n\t\t\t\t\t<h3 class=\"title\">SISTEMI ANTIFURTO<\/h3>\r\n\t\t\t\t\t<p class=\"description\">Siamo specializzati nell'installazione di sistemi antifurto con o senza fili<\/p>\r\n\t\t\t\t\t\r\n\t\t\t\t\t\t\t\t\t<\/div>\r\n\t\t\t<\/div>\r\n\r\n\t\t\t\t\t\t<\/div>\n\t\t\t\t<\/div>\n\t\t\t\t\t<\/div>\n\t\t<\/div>\n\t\t\t\t<div class=\"elementor-column elementor-col-25 elementor-inner-column elementor-element elementor-element-984937b\" data-id=\"984937b\" data-element_type=\"column\">\n\t\t\t<div class=\"elementor-widget-wrap elementor-element-populated\">\n\t\t\t\t\t\t<div class=\"elementor-element elementor-element-739bed2 elementor-widget elementor-widget-service\" data-id=\"739bed2\" data-element_type=\"widget\" data-widget_type=\"service.default\">\n\t\t\t\t<div class=\"elementor-widget-container\">\n\t\t\t\t\t\r\n\t\t\t\t\t<div class=\"service-box style3\">\r\n\t\t\t\t<div class=\"icon\">\r\n\t\t\t\t\t\t\t\t\t\t\t<img decoding=\"async\" src=\"https:\/\/lipersecurity.it\/wp-content\/uploads\/2023\/05\/main1.png\" alt=\"\">\r\n\t\t\t\t\t\t\t\t\t<\/div>\r\n\t\t\t\t<div class=\"content\">\r\n\t\t\t\t\t<h3 class=\"title\">CONTROLLO ACCESSI<\/h3>\r\n\t\t\t\t\t<p class=\"description\">Controllo accessi attraverso sistemi di building automation e impianti stand alone<\/p>\r\n\t\t\t\t\t\r\n\t\t\t\t\t\t\t\t\t<\/div>\r\n\t\t\t<\/div>\r\n\r\n\t\t\t\t\t\t<\/div>\n\t\t\t\t<\/div>\n\t\t\t\t\t<\/div>\n\t\t<\/div>\n\t\t\t\t<div class=\"elementor-column elementor-col-25 elementor-inner-column elementor-element elementor-element-ab87a08\" data-id=\"ab87a08\" data-element_type=\"column\">\n\t\t\t<div class=\"elementor-widget-wrap elementor-element-populated\">\n\t\t\t\t\t\t<div class=\"elementor-element elementor-element-e139e07 elementor-widget elementor-widget-service\" data-id=\"e139e07\" data-element_type=\"widget\" data-widget_type=\"service.default\">\n\t\t\t\t<div class=\"elementor-widget-container\">\n\t\t\t\t\t\r\n\t\t\t\t\t<div class=\"service-box style3\">\r\n\t\t\t\t<div class=\"icon\">\r\n\t\t\t\t\t\t\t\t\t\t\t<img decoding=\"async\" src=\"https:\/\/wp.ditsolution.net\/consen-multipurpose\/wp-content\/uploads\/2023\/05\/service-icon6.png\" alt=\"\">\r\n\t\t\t\t\t\t\t\t\t<\/div>\r\n\t\t\t\t<div class=\"content\">\r\n\t\t\t\t\t<h3 class=\"title\">VIDEOCONTROLLO<\/h3>\r\n\t\t\t\t\t<p class=\"description\">I nostri sistemi di videocontrollo possono essere gestiti da remoto con PC, Tablet e Smartphone<\/p>\r\n\t\t\t\t\t\r\n\t\t\t\t\t\t\t\t\t<\/div>\r\n\t\t\t<\/div>\r\n\r\n\t\t\t\t\t\t<\/div>\n\t\t\t\t<\/div>\n\t\t\t\t\t<\/div>\n\t\t<\/div>\n\t\t\t\t<div class=\"elementor-column elementor-col-25 elementor-inner-column elementor-element elementor-element-3cab72e\" data-id=\"3cab72e\" data-element_type=\"column\">\n\t\t\t<div class=\"elementor-widget-wrap elementor-element-populated\">\n\t\t\t\t\t\t<div class=\"elementor-element elementor-element-9854128 elementor-widget elementor-widget-service\" data-id=\"9854128\" data-element_type=\"widget\" data-widget_type=\"service.default\">\n\t\t\t\t<div class=\"elementor-widget-container\">\n\t\t\t\t\t\r\n\t\t\t\t\t<div class=\"service-box style3\">\r\n\t\t\t\t<div class=\"icon\">\r\n\t\t\t\t\t\t\t\t\t\t\t<img decoding=\"async\" src=\"https:\/\/wp.ditsolution.net\/consen-multipurpose\/wp-content\/uploads\/2023\/05\/service-icon7.png\" alt=\"\">\r\n\t\t\t\t\t\t\t\t\t<\/div>\r\n\t\t\t\t<div class=\"content\">\r\n\t\t\t\t\t<h3 class=\"title\">ANTINCENDIO<\/h3>\r\n\t\t\t\t\t<p class=\"description\">Progettazione, installazione di sistemi di rilevazione dei fumi e antincendio<\/p>\r\n\t\t\t\t\t\r\n\t\t\t\t\t\t\t\t\t<\/div>\r\n\t\t\t<\/div>\r\n\r\n\t\t\t\t\t\t<\/div>\n\t\t\t\t<\/div>\n\t\t\t\t\t<\/div>\n\t\t<\/div>\n\t\t\t\t\t<\/div>\n\t\t<\/section>\n\t\t\t\t\t<\/div>\n\t\t<\/div>\n\t\t\t\t\t<\/div>\n\t\t<\/section>\n\t\t\t\t<section class=\"elementor-section elementor-top-section elementor-element elementor-element-2605d19 elementor-section-boxed elementor-section-height-default elementor-section-height-default\" data-id=\"2605d19\" data-element_type=\"section\" data-settings=\"{&quot;background_background&quot;:&quot;classic&quot;}\">\n\t\t\t\t\t\t<div class=\"elementor-container elementor-column-gap-default\">\n\t\t\t\t\t<div class=\"elementor-column elementor-col-100 elementor-top-column elementor-element elementor-element-aaa9554\" data-id=\"aaa9554\" data-element_type=\"column\">\n\t\t\t<div class=\"elementor-widget-wrap elementor-element-populated\">\n\t\t\t\t\t\t<section class=\"elementor-section elementor-inner-section elementor-element elementor-element-0ad94b0 elementor-section-content-middle elementor-section-boxed elementor-section-height-default elementor-section-height-default\" data-id=\"0ad94b0\" data-element_type=\"section\">\n\t\t\t\t\t\t<div class=\"elementor-container elementor-column-gap-default\">\n\t\t\t\t\t<div class=\"elementor-column elementor-col-50 elementor-inner-column elementor-element elementor-element-0183b34\" data-id=\"0183b34\" data-element_type=\"column\">\n\t\t\t<div class=\"elementor-widget-wrap elementor-element-populated\">\n\t\t\t\t\t\t<div class=\"elementor-element elementor-element-c453479 elementor-widget elementor-widget-section-title\" data-id=\"c453479\" data-element_type=\"widget\" data-widget_type=\"section-title.default\">\n\t\t\t\t<div class=\"elementor-widget-container\">\n\t\t\t\t\t\r\n\t\t\t\t\t<div class=\"section-title style2\">\r\n\t\t\t\t \r\n\t\t\t\t\t<h5 class=\"subtitle\">I servizi per la nostra clientela<\/h5>\r\n\t\t\t\t\t\t\t\t\r\n\t\t\t\t \r\n\t\t\t\t\t<h3 class=\"title\">Assistenza 24h:  <br><span>la tua sicurezza<\/span> sempre<\/h3>\r\n\t\t\t\t\t\t\t\t\r\n\t\t\t\t \r\n\t\t\t\t\t<p class=\"description\">Il nostro servizio di assistenza dedicato 24 ore su 24 \u00e8 pensato per offrirti la massima tranquillit\u00e0 e protezione in ogni momento. Con un team di esperti sempre a tua disposizione, puoi contare su un supporto tempestivo e professionale, ovunque ti trovi.<\/p>\r\n\t\t\t\t\t\t\t<\/div>\r\n\r\n\t\t\r\n\t\t\t\t\t\t<\/div>\n\t\t\t\t<\/div>\n\t\t\t\t<div class=\"elementor-element elementor-element-8fb9389 elementor-widget elementor-widget-iconbox\" data-id=\"8fb9389\" data-element_type=\"widget\" data-widget_type=\"iconbox.default\">\n\t\t\t\t<div class=\"elementor-widget-container\">\n\t\t\t\t\t\n\t\t\t\t\n\t\t<div class=\"icon-box style5\">\n\t\t\t<div class=\"icon-box-icon\">\n\t\t\t\t\t\t\t\t<div class=\"icon\">\n\t\t\t\t\t<i class=\"flaticon flaticon-right-arrow\"><\/i>\n\t\t\t\t<\/div>\n\t\t\t\t\t\t\t<\/div>\n\t\t\t<div class=\"icon-box-content\">\n\t\t\t\t<h4 class=\"title\">Disponibilit\u00e0 Continuativa: <\/h4>\n\t\t\t\t<p class=\"description\">Assistenza garantita 24\/7, senza interruzioni, per una protezione costante.<\/p>\n\t\t\t<\/div>\n\t\t<\/div>\n\t\t\n\t\t\t\t\t\t<\/div>\n\t\t\t\t<\/div>\n\t\t\t\t<div class=\"elementor-element elementor-element-5afb1e2 elementor-widget elementor-widget-iconbox\" data-id=\"5afb1e2\" data-element_type=\"widget\" data-widget_type=\"iconbox.default\">\n\t\t\t\t<div class=\"elementor-widget-container\">\n\t\t\t\t\t\n\t\t\t\t\n\t\t<div class=\"icon-box style5\">\n\t\t\t<div class=\"icon-box-icon\">\n\t\t\t\t\t\t\t\t<div class=\"icon\">\n\t\t\t\t\t<i class=\"flaticon flaticon-right-arrow\"><\/i>\n\t\t\t\t<\/div>\n\t\t\t\t\t\t\t<\/div>\n\t\t\t<div class=\"icon-box-content\">\n\t\t\t\t<h4 class=\"title\"> Intervento Immediato: <\/h4>\n\t\t\t\t<p class=\"description\">Risposta rapida a ogni segnalazione o emergenza, riducendo i tempi di attesa.<\/p>\n\t\t\t<\/div>\n\t\t<\/div>\n\t\t\n\t\t\t\t\t\t<\/div>\n\t\t\t\t<\/div>\n\t\t\t\t<div class=\"elementor-element elementor-element-2dda45f elementor-widget elementor-widget-iconbox\" data-id=\"2dda45f\" data-element_type=\"widget\" data-widget_type=\"iconbox.default\">\n\t\t\t\t<div class=\"elementor-widget-container\">\n\t\t\t\t\t\n\t\t\t\t\n\t\t<div class=\"icon-box style5\">\n\t\t\t<div class=\"icon-box-icon\">\n\t\t\t\t\t\t\t\t<div class=\"icon\">\n\t\t\t\t\t<i class=\"flaticon flaticon-right-arrow\"><\/i>\n\t\t\t\t<\/div>\n\t\t\t\t\t\t\t<\/div>\n\t\t\t<div class=\"icon-box-content\">\n\t\t\t\t<h4 class=\"title\">Supporto Tecnico Esperto: <\/h4>\n\t\t\t\t<p class=\"description\">Accesso diretto a tecnici qualificati, pronti a risolvere ogni problema con competenza.<\/p>\n\t\t\t<\/div>\n\t\t<\/div>\n\t\t\n\t\t\t\t\t\t<\/div>\n\t\t\t\t<\/div>\n\t\t\t\t<div class=\"elementor-element elementor-element-91e1f7c elementor-widget elementor-widget-iconbox\" data-id=\"91e1f7c\" data-element_type=\"widget\" data-widget_type=\"iconbox.default\">\n\t\t\t\t<div class=\"elementor-widget-container\">\n\t\t\t\t\t\n\t\t\t\t\n\t\t<div class=\"icon-box style5\">\n\t\t\t<div class=\"icon-box-icon\">\n\t\t\t\t\t\t\t\t<div class=\"icon\">\n\t\t\t\t\t<i class=\"flaticon flaticon-right-arrow\"><\/i>\n\t\t\t\t<\/div>\n\t\t\t\t\t\t\t<\/div>\n\t\t\t<div class=\"icon-box-content\">\n\t\t\t\t<h4 class=\"title\"> Monitoraggio Proattivo: <\/h4>\n\t\t\t\t<p class=\"description\">Controllo continuo dei sistemi per prevenire anomalie e garantire la massima efficienza.<\/p>\n\t\t\t<\/div>\n\t\t<\/div>\n\t\t\n\t\t\t\t\t\t<\/div>\n\t\t\t\t<\/div>\n\t\t\t\t<div class=\"elementor-element elementor-element-5f120dc elementor-widget elementor-widget-dit-button\" data-id=\"5f120dc\" data-element_type=\"widget\" data-widget_type=\"dit-button.default\">\n\t\t\t\t<div class=\"elementor-widget-container\">\n\t\t\t\t\t\r\n\t\t\r\n\t\t\t<div class=\"dreamit-button style1\">\r\n\t\t\t\t<a class=\"button\" href=\"\">\r\n\t\t\t\t\tChiama il numero (+39) 345.341.67.86\t\t\t\t\t\t\t\t\t<\/a>\r\n\t\t\t<\/div>\r\n\r\n\t\t\r\n\t\t\t\t\t<\/div>\n\t\t\t\t<\/div>\n\t\t\t\t\t<\/div>\n\t\t<\/div>\n\t\t\t\t<div class=\"elementor-column elementor-col-50 elementor-inner-column elementor-element elementor-element-387db3e\" data-id=\"387db3e\" data-element_type=\"column\">\n\t\t\t<div class=\"elementor-widget-wrap elementor-element-populated\">\n\t\t\t\t\t\t<div class=\"elementor-element elementor-element-67e6100 elementor-widget elementor-widget-image\" data-id=\"67e6100\" data-element_type=\"widget\" data-widget_type=\"image.default\">\n\t\t\t\t<div class=\"elementor-widget-container\">\n\t\t\t\t\t\t\t\t\t\t\t\t\t\t\t<img fetchpriority=\"high\" decoding=\"async\" width=\"570\" height=\"605\" src=\"https:\/\/lipersecurity.it\/wp-content\/uploads\/2023\/05\/why-choose.png\" class=\"attachment-large size-large wp-image-1362\" alt=\"\" srcset=\"https:\/\/lipersecurity.it\/wp-content\/uploads\/2023\/05\/why-choose.png 570w, https:\/\/lipersecurity.it\/wp-content\/uploads\/2023\/05\/why-choose-283x300.png 283w\" sizes=\"(max-width: 570px) 100vw, 570px\" \/>\t\t\t\t\t\t\t\t\t\t\t\t\t\t\t<\/div>\n\t\t\t\t<\/div>\n\t\t\t\t<div class=\"elementor-element elementor-element-c82df32 elementor-absolute bounce-animate3 elementor-hidden-tablet elementor-hidden-mobile elementor-widget elementor-widget-image\" data-id=\"c82df32\" data-element_type=\"widget\" data-settings=\"{&quot;_position&quot;:&quot;absolute&quot;}\" data-widget_type=\"image.default\">\n\t\t\t\t<div class=\"elementor-widget-container\">\n\t\t\t\t\t\t\t\t\t\t\t\t\t\t\t<img decoding=\"async\" width=\"111\" height=\"111\" src=\"https:\/\/lipersecurity.it\/wp-content\/uploads\/2023\/05\/all-shape2.png\" class=\"attachment-large size-large wp-image-1392\" alt=\"\" srcset=\"https:\/\/lipersecurity.it\/wp-content\/uploads\/2023\/05\/all-shape2.png 111w, https:\/\/lipersecurity.it\/wp-content\/uploads\/2023\/05\/all-shape2-106x106.png 106w, https:\/\/lipersecurity.it\/wp-content\/uploads\/2023\/05\/all-shape2-80x80.png 80w\" sizes=\"(max-width: 111px) 100vw, 111px\" \/>\t\t\t\t\t\t\t\t\t\t\t\t\t\t\t<\/div>\n\t\t\t\t<\/div>\n\t\t\t\t<div class=\"elementor-element elementor-element-965e167 elementor-widget__width-auto elementor-absolute bounce-animate2 elementor-hidden-mobile elementor-widget elementor-widget-image\" data-id=\"965e167\" data-element_type=\"widget\" data-settings=\"{&quot;_position&quot;:&quot;absolute&quot;}\" data-widget_type=\"image.default\">\n\t\t\t\t<div class=\"elementor-widget-container\">\n\t\t\t\t\t\t\t\t\t\t\t\t\t\t\t<img decoding=\"async\" width=\"476\" height=\"213\" src=\"https:\/\/lipersecurity.it\/wp-content\/uploads\/2023\/05\/case-shape2.png\" class=\"attachment-large size-large wp-image-1385\" alt=\"\" srcset=\"https:\/\/lipersecurity.it\/wp-content\/uploads\/2023\/05\/case-shape2.png 476w, https:\/\/lipersecurity.it\/wp-content\/uploads\/2023\/05\/case-shape2-300x134.png 300w\" sizes=\"(max-width: 476px) 100vw, 476px\" \/>\t\t\t\t\t\t\t\t\t\t\t\t\t\t\t<\/div>\n\t\t\t\t<\/div>\n\t\t\t\t\t<\/div>\n\t\t<\/div>\n\t\t\t\t\t<\/div>\n\t\t<\/section>\n\t\t\t\t\t<\/div>\n\t\t<\/div>\n\t\t\t\t\t<\/div>\n\t\t<\/section>\n\t\t\t\t<\/div>\n\t\t","protected":false},"excerpt":{"rendered":"<p>Servizi su misura per proteggere ci\u00f2 che ami di pi\u00f9. Tutto ci\u00f2 di cui hai bisogno per la tua Sicurezza SISTEMI ANTIFURTO Siamo specializzati nell&#8217;installazione di sistemi antifurto con o senza fili CONTROLLO ACCESSI Controllo accessi attraverso sistemi di building automation e impianti stand alone VIDEOCONTROLLO I nostri sistemi di videocontrollo possono essere gestiti da [&hellip;]<\/p>\n","protected":false},"author":1,"featured_media":0,"parent":0,"menu_order":0,"comment_status":"closed","ping_status":"closed","template":"page-templates\/template-default.php","meta":{"footnotes":""},"class_list":["post-2186","page","type-page","status-publish","hentry"],"_links":{"self":[{"href":"https:\/\/lipersecurity.it\/index.php\/wp-json\/wp\/v2\/pages\/2186","targetHints":{"allow":["GET"]}}],"collection":[{"href":"https:\/\/lipersecurity.it\/index.php\/wp-json\/wp\/v2\/pages"}],"about":[{"href":"https:\/\/lipersecurity.it\/index.php\/wp-json\/wp\/v2\/types\/page"}],"author":[{"embeddable":true,"href":"https:\/\/lipersecurity.it\/index.php\/wp-json\/wp\/v2\/users\/1"}],"replies":[{"embeddable":true,"href":"https:\/\/lipersecurity.it\/index.php\/wp-json\/wp\/v2\/comments?post=2186"}],"version-history":[{"count":48,"href":"https:\/\/lipersecurity.it\/index.php\/wp-json\/wp\/v2\/pages\/2186\/revisions"}],"predecessor-version":[{"id":9580,"href":"https:\/\/lipersecurity.it\/index.php\/wp-json\/wp\/v2\/pages\/2186\/revisions\/9580"}],"wp:attachment":[{"href":"https:\/\/lipersecurity.it\/index.php\/wp-json\/wp\/v2\/media?parent=2186"}],"curies":[{"name":"wp","href":"https:\/\/api.w.org\/{rel}","templated":true}]}}