{"id":2748,"date":"2023-05-18T09:42:44","date_gmt":"2023-05-18T09:42:44","guid":{"rendered":"https:\/\/wp.ditsolution.net\/consen-multipurpose\/?page_id=2748"},"modified":"2025-01-05T08:12:07","modified_gmt":"2025-01-05T08:12:07","slug":"aziende","status":"publish","type":"page","link":"https:\/\/lipersecurity.it\/index.php\/aziende\/","title":{"rendered":"Servizi per le Aziende"},"content":{"rendered":"\t\t<div data-elementor-type=\"wp-page\" data-elementor-id=\"2748\" class=\"elementor elementor-2748\" data-elementor-post-type=\"page\">\n\t\t\t\t\t\t<section class=\"elementor-section elementor-top-section elementor-element elementor-element-ec6fc5e elementor-section-boxed elementor-section-height-default elementor-section-height-default\" data-id=\"ec6fc5e\" data-element_type=\"section\">\n\t\t\t\t\t\t<div class=\"elementor-container elementor-column-gap-default\">\n\t\t\t\t\t<div class=\"elementor-column elementor-col-66 elementor-top-column elementor-element elementor-element-aca393c\" data-id=\"aca393c\" data-element_type=\"column\">\n\t\t\t<div class=\"elementor-widget-wrap elementor-element-populated\">\n\t\t\t\t\t\t<div class=\"elementor-element elementor-element-e7cd393 elementor-widget elementor-widget-video\" data-id=\"e7cd393\" data-element_type=\"widget\" data-settings=\"{&quot;video_type&quot;:&quot;hosted&quot;,&quot;controls&quot;:&quot;yes&quot;}\" data-widget_type=\"video.default\">\n\t\t\t\t<div class=\"elementor-widget-container\">\n\t\t\t\t\t\t\t<div class=\"e-hosted-video elementor-wrapper elementor-open-inline\">\n\t\t\t\t\t<video class=\"elementor-video\" src=\"https:\/\/lipersecurity.it\/wp-content\/uploads\/2025\/01\/AziendaSPOT.mp4\" controls=\"\" preload=\"metadata\" controlsList=\"nodownload\"><\/video>\n\t\t\t\t<\/div>\n\t\t\t\t\t\t<\/div>\n\t\t\t\t<\/div>\n\t\t\t\t<div class=\"elementor-element elementor-element-d0d1eb8 elementor-widget elementor-widget-simple-heading\" data-id=\"d0d1eb8\" data-element_type=\"widget\" data-widget_type=\"simple-heading.default\">\n\t\t\t\t<div class=\"elementor-widget-container\">\n\t\t\t\t\t\r\n\t\t<div class=\"heading\">\r\n\t\t\t<h2 class=\"heading-text\">PROTEZIONE integrale della tua attivit\u00e0<\/h2>\r\n\t\t<\/div>\r\n\r\n\t\t\t\t\t\t<\/div>\n\t\t\t\t<\/div>\n\t\t\t\t<div class=\"elementor-element elementor-element-148453d elementor-widget elementor-widget-simple-heading\" data-id=\"148453d\" data-element_type=\"widget\" data-widget_type=\"simple-heading.default\">\n\t\t\t\t<div class=\"elementor-widget-container\">\n\t\t\t\t\t\r\n\t\t<div class=\"heading\">\r\n\t\t\t<p class=\"heading-text\">Siamo specializzatI nell'installazione di sistemi di sicurezza all'avanguardia per proteggere la tua attivit\u00e0. Offriamo una vasta gamma di soluzioni personalizzate, inclusi impianti di videosorveglianza, sistemi di allarme, controllo accessi e rilevamento incendi. Ogni installazione \u00e8 realizzata con componenti di alta qualit\u00e0 e tecnologie innovative, garantendo massima affidabilit\u00e0 e prestazioni. Il nostro team di esperti lavora con precisione e attenzione ai dettagli, assicurando che ogni sistema sia perfettamente integrato nell'ambiente. Siamo impegnati a offrire un servizio completo, dalla consulenza iniziale alla manutenzione continua, per garantire la tua sicurezza 24 ore su 24.<\/p>\r\n\t\t<\/div>\r\n\r\n\t\t\t\t\t\t<\/div>\n\t\t\t\t<\/div>\n\t\t\t\t<div class=\"elementor-element elementor-element-c5f54e3 line elementor-widget elementor-widget-html\" data-id=\"c5f54e3\" data-element_type=\"widget\" data-widget_type=\"html.default\">\n\t\t\t\t<div class=\"elementor-widget-container\">\n\t\t\t\t\t<div class=\"lines about pt-20 pb-40\">\n\t<div class=\"line\"><\/div>\n\t\t\t\t\t\t\t\t\t\t<\/div>\t\t\t\t<\/div>\n\t\t\t\t<\/div>\n\t\t\t\t<div class=\"elementor-element elementor-element-99a1aaa elementor-widget elementor-widget-simple-heading\" data-id=\"99a1aaa\" data-element_type=\"widget\" data-widget_type=\"simple-heading.default\">\n\t\t\t\t<div class=\"elementor-widget-container\">\n\t\t\t\t\t\r\n\t\t<div class=\"heading\">\r\n\t\t\t<h3 class=\"heading-text\">ASSISTENZA 24H<\/h3>\r\n\t\t<\/div>\r\n\r\n\t\t\t\t\t\t<\/div>\n\t\t\t\t<\/div>\n\t\t\t\t<div class=\"elementor-element elementor-element-eba100c elementor-widget elementor-widget-simple-heading\" data-id=\"eba100c\" data-element_type=\"widget\" data-widget_type=\"simple-heading.default\">\n\t\t\t\t<div class=\"elementor-widget-container\">\n\t\t\t\t\t\r\n\t\t<div class=\"heading\">\r\n\t\t\t<p class=\"heading-text\">Con LIPER SECURITY, la tua azienda \u00e8 protetta 24 ore su 24 grazie a un servizio di assistenza continua, che garantisce un intervento tempestivo in caso di allarme o anomalie, riducendo al minimo i tempi di risposta.<\/p>\r\n\t\t<\/div>\r\n\r\n\t\t\t\t\t\t<\/div>\n\t\t\t\t<\/div>\n\t\t\t\t<div class=\"elementor-element elementor-element-578564a elementor-widget elementor-widget-simple-heading\" data-id=\"578564a\" data-element_type=\"widget\" data-widget_type=\"simple-heading.default\">\n\t\t\t\t<div class=\"elementor-widget-container\">\n\t\t\t\t\t\r\n\t\t<div class=\"heading\">\r\n\t\t\t<h3 class=\"heading-text\">GESTIONE REMOTA<\/h3>\r\n\t\t<\/div>\r\n\r\n\t\t\t\t\t\t<\/div>\n\t\t\t\t<\/div>\n\t\t\t\t<div class=\"elementor-element elementor-element-c65b135 elementor-widget elementor-widget-simple-heading\" data-id=\"c65b135\" data-element_type=\"widget\" data-widget_type=\"simple-heading.default\">\n\t\t\t\t<div class=\"elementor-widget-container\">\n\t\t\t\t\t\r\n\t\t<div class=\"heading\">\r\n\t\t\t<p class=\"heading-text\">Il sistema LIPER SECURITY ti consente di monitorare e gestire tutti i dispositivi di sicurezza da remoto tramite una piattaforma intuitiva, permettendoti di avere il pieno controllo della sicurezza aziendale ovunque ti trovi.<\/p>\r\n\t\t<\/div>\r\n\r\n\t\t\t\t\t\t<\/div>\n\t\t\t\t<\/div>\n\t\t\t\t<div class=\"elementor-element elementor-element-6835691 elementor-widget elementor-widget-simple-heading\" data-id=\"6835691\" data-element_type=\"widget\" data-widget_type=\"simple-heading.default\">\n\t\t\t\t<div class=\"elementor-widget-container\">\n\t\t\t\t\t\r\n\t\t<div class=\"heading\">\r\n\t\t\t<h3 class=\"heading-text\">COLLEGAMENTO CON LE FORZE DELL'ORDINE<\/h3>\r\n\t\t<\/div>\r\n\r\n\t\t\t\t\t\t<\/div>\n\t\t\t\t<\/div>\n\t\t\t\t<div class=\"elementor-element elementor-element-aef5fc2 elementor-widget elementor-widget-simple-heading\" data-id=\"aef5fc2\" data-element_type=\"widget\" data-widget_type=\"simple-heading.default\">\n\t\t\t\t<div class=\"elementor-widget-container\">\n\t\t\t\t\t\r\n\t\t<div class=\"heading\">\r\n\t\t\t<p class=\"heading-text\">Il sistema offre l\u2019opzione di collegamento diretto con le forze dell'ordine, assicurando una risposta immediata in caso di emergenza, aumentando cos\u00ec il livello di protezione dell\u2019azienda.<\/p>\r\n\t\t<\/div>\r\n\r\n\t\t\t\t\t\t<\/div>\n\t\t\t\t<\/div>\n\t\t\t\t<div class=\"elementor-element elementor-element-6e3aef6 elementor-widget elementor-widget-simple-heading\" data-id=\"6e3aef6\" data-element_type=\"widget\" data-widget_type=\"simple-heading.default\">\n\t\t\t\t<div class=\"elementor-widget-container\">\n\t\t\t\t\t\r\n\t\t<div class=\"heading\">\r\n\t\t\t<h3 class=\"heading-text\">INTEGRAZIONE COMPLETA<\/h3>\r\n\t\t<\/div>\r\n\r\n\t\t\t\t\t\t<\/div>\n\t\t\t\t<\/div>\n\t\t\t\t<div class=\"elementor-element elementor-element-e9acee0 elementor-widget elementor-widget-simple-heading\" data-id=\"e9acee0\" data-element_type=\"widget\" data-widget_type=\"simple-heading.default\">\n\t\t\t\t<div class=\"elementor-widget-container\">\n\t\t\t\t\t\r\n\t\t<div class=\"heading\">\r\n\t\t\t<p class=\"heading-text\">LIPER SECURITY si integra perfettamente con i tuoi sistemi esistenti, combinando videosorveglianza, controllo accessi e allarmi, offrendo una soluzione di sicurezza completa e personalizzata per la tua azienda.<\/p>\r\n\t\t<\/div>\r\n\r\n\t\t\t\t\t\t<\/div>\n\t\t\t\t<\/div>\n\t\t\t\t<section class=\"elementor-section elementor-inner-section elementor-element elementor-element-a38199f elementor-section-content-middle elementor-section-boxed elementor-section-height-default elementor-section-height-default\" data-id=\"a38199f\" data-element_type=\"section\">\n\t\t\t\t\t\t<div class=\"elementor-container elementor-column-gap-default\">\n\t\t\t\t\t<div class=\"elementor-column elementor-col-50 elementor-inner-column elementor-element elementor-element-1ca1687\" data-id=\"1ca1687\" data-element_type=\"column\">\n\t\t\t<div class=\"elementor-widget-wrap elementor-element-populated\">\n\t\t\t\t\t\t<div class=\"elementor-element elementor-element-d0d963f elementor-widget elementor-widget-image\" data-id=\"d0d963f\" data-element_type=\"widget\" data-widget_type=\"image.default\">\n\t\t\t\t<div class=\"elementor-widget-container\">\n\t\t\t\t\t\t\t\t\t\t\t\t\t\t\t<img fetchpriority=\"high\" decoding=\"async\" width=\"301\" height=\"250\" src=\"https:\/\/lipersecurity.it\/wp-content\/uploads\/2023\/05\/single.png\" class=\"attachment-full size-full wp-image-2658\" alt=\"\" \/>\t\t\t\t\t\t\t\t\t\t\t\t\t\t\t<\/div>\n\t\t\t\t<\/div>\n\t\t\t\t\t<\/div>\n\t\t<\/div>\n\t\t\t\t<div class=\"elementor-column elementor-col-50 elementor-inner-column elementor-element elementor-element-89e756c\" data-id=\"89e756c\" data-element_type=\"column\">\n\t\t\t<div class=\"elementor-widget-wrap elementor-element-populated\">\n\t\t\t\t\t\t<div class=\"elementor-element elementor-element-3a92389 elementor-widget elementor-widget-simple-heading\" data-id=\"3a92389\" data-element_type=\"widget\" data-widget_type=\"simple-heading.default\">\n\t\t\t\t<div class=\"elementor-widget-container\">\n\t\t\t\t\t\r\n\t\t<div class=\"heading\">\r\n\t\t\t<h3 class=\"heading-text\">Stanco di falsi allarmi?<\/h3>\r\n\t\t<\/div>\r\n\r\n\t\t\t\t\t\t<\/div>\n\t\t\t\t<\/div>\n\t\t\t\t<div class=\"elementor-element elementor-element-619d0d4 elementor-widget elementor-widget-iconbox\" data-id=\"619d0d4\" data-element_type=\"widget\" data-widget_type=\"iconbox.default\">\n\t\t\t\t<div class=\"elementor-widget-container\">\n\t\t\t\t\t\n\t\t\t\t<div class=\"icon-box style9 d-flex align-items-center\">\n\t\t\t<div class=\"icon-box-icon\">\n\t\t\t\t\t\t\t\t<div class=\"icon\">\n\t\t\t\t\t<i class=\"flaticon flaticon-next\"><\/i>\n\t\t\t\t<\/div>\n\t\t\t\t\t\t\t<\/div>\n\t\t\t<div class=\"icon-box-content\">\n\t\t\t\t<h4 class=\"title\"><\/h4>\n\t\t\t\t<p class=\"description\">Controlla la tua azienda da remoto e in tempo reale<\/p>\n\t\t\t<\/div>\n\t\t<\/div>\n\t\t\n\t\t\t\t\t\t<\/div>\n\t\t\t\t<\/div>\n\t\t\t\t<div class=\"elementor-element elementor-element-4054c24 elementor-widget elementor-widget-iconbox\" data-id=\"4054c24\" data-element_type=\"widget\" data-widget_type=\"iconbox.default\">\n\t\t\t\t<div class=\"elementor-widget-container\">\n\t\t\t\t\t\n\t\t\t\t<div class=\"icon-box style9 d-flex align-items-center\">\n\t\t\t<div class=\"icon-box-icon\">\n\t\t\t\t\t\t\t\t<div class=\"icon\">\n\t\t\t\t\t<i class=\"flaticon flaticon-next\"><\/i>\n\t\t\t\t<\/div>\n\t\t\t\t\t\t\t<\/div>\n\t\t\t<div class=\"icon-box-content\">\n\t\t\t\t<h4 class=\"title\"><\/h4>\n\t\t\t\t<p class=\"description\">Riprendi l'area in allarme gestendo le telecamere<\/p>\n\t\t\t<\/div>\n\t\t<\/div>\n\t\t\n\t\t\t\t\t\t<\/div>\n\t\t\t\t<\/div>\n\t\t\t\t<div class=\"elementor-element elementor-element-c655227 elementor-widget elementor-widget-iconbox\" data-id=\"c655227\" data-element_type=\"widget\" data-widget_type=\"iconbox.default\">\n\t\t\t\t<div class=\"elementor-widget-container\">\n\t\t\t\t\t\n\t\t\t\t<div class=\"icon-box style9 d-flex align-items-center\">\n\t\t\t<div class=\"icon-box-icon\">\n\t\t\t\t\t\t\t\t<div class=\"icon\">\n\t\t\t\t\t<i class=\"flaticon flaticon-next\"><\/i>\n\t\t\t\t<\/div>\n\t\t\t\t\t\t\t<\/div>\n\t\t\t<div class=\"icon-box-content\">\n\t\t\t\t<h4 class=\"title\"><\/h4>\n\t\t\t\t<p class=\"description\">Controlla direttamente da Smartphone o PC<\/p>\n\t\t\t<\/div>\n\t\t<\/div>\n\t\t\n\t\t\t\t\t\t<\/div>\n\t\t\t\t<\/div>\n\t\t\t\t<div class=\"elementor-element elementor-element-0f30ae0 elementor-widget elementor-widget-iconbox\" data-id=\"0f30ae0\" data-element_type=\"widget\" data-widget_type=\"iconbox.default\">\n\t\t\t\t<div class=\"elementor-widget-container\">\n\t\t\t\t\t\n\t\t\t\t<div class=\"icon-box style9 d-flex align-items-center\">\n\t\t\t<div class=\"icon-box-icon\">\n\t\t\t\t\t\t\t\t<div class=\"icon\">\n\t\t\t\t\t<i class=\"flaticon flaticon-next\"><\/i>\n\t\t\t\t<\/div>\n\t\t\t\t\t\t\t<\/div>\n\t\t\t<div class=\"icon-box-content\">\n\t\t\t\t<h4 class=\"title\"><\/h4>\n\t\t\t\t<p class=\"description\">Ricevi notifiche immediate<\/p>\n\t\t\t<\/div>\n\t\t<\/div>\n\t\t\n\t\t\t\t\t\t<\/div>\n\t\t\t\t<\/div>\n\t\t\t\t\t<\/div>\n\t\t<\/div>\n\t\t\t\t\t<\/div>\n\t\t<\/section>\n\t\t\t\t\t<\/div>\n\t\t<\/div>\n\t\t\t\t<div class=\"elementor-column elementor-col-33 elementor-top-column elementor-element elementor-element-07985d5\" data-id=\"07985d5\" data-element_type=\"column\">\n\t\t\t<div class=\"elementor-widget-wrap elementor-element-populated\">\n\t\t\t\t\t\t<div class=\"elementor-element elementor-element-8b5fbc9 elementor-widget elementor-widget-iconbox\" data-id=\"8b5fbc9\" data-element_type=\"widget\" data-widget_type=\"iconbox.default\">\n\t\t\t\t<div class=\"elementor-widget-container\">\n\t\t\t\t\t\n\t\t\t\t\n\t\t<div class=\"icon-box style8\">\n\t\t\t<div class=\"icon-box-icon\">\n\t\t\t\t\t\t\t\t<div class=\"img-icon\">\n\t\t\t\t\t<img decoding=\"async\" src=\"https:\/\/lipersecurity.it\/wp-content\/uploads\/2023\/06\/feature-icon-imd1.png\" alt=\"\" \/>\n\t\t\t\t<\/div>\n\t\t\t\t\t\t\t<\/div>\n\t\t\t<div class=\"icon-box-content\">\n\t\t\t\t<h4 class=\"title\">SISTEMI ANTINTRUSIONE<\/h4>\n\t\t\t\t<p class=\"description\"><\/p>\n\t\t\t<\/div>\n\t\t<\/div>\n\t\t\n\t\t\t\t\t\t<\/div>\n\t\t\t\t<\/div>\n\t\t\t\t<div class=\"elementor-element elementor-element-dd77885 elementor-widget elementor-widget-simple-heading\" data-id=\"dd77885\" data-element_type=\"widget\" data-widget_type=\"simple-heading.default\">\n\t\t\t\t<div class=\"elementor-widget-container\">\n\t\t\t\t\t\r\n\t\t<div class=\"heading\">\r\n\t\t\t<p class=\"heading-text\">Proteggi la tua azienda con i nostri avanzati sistemi antintrusione, progettati per rilevare e prevenire accessi non autorizzati. Offriamo soluzioni su misura con sensori di ultima generazione, garantendo la massima sicurezza per i tuoi locali, sia di giorno che di notte.<\/p>\r\n\t\t<\/div>\r\n\r\n\t\t\t\t\t\t<\/div>\n\t\t\t\t<\/div>\n\t\t\t\t<div class=\"elementor-element elementor-element-55a4c9e elementor-widget elementor-widget-iconbox\" data-id=\"55a4c9e\" data-element_type=\"widget\" data-widget_type=\"iconbox.default\">\n\t\t\t\t<div class=\"elementor-widget-container\">\n\t\t\t\t\t\n\t\t\t\t\n\t\t<div class=\"icon-box style8\">\n\t\t\t<div class=\"icon-box-icon\">\n\t\t\t\t\t\t\t\t<div class=\"img-icon\">\n\t\t\t\t\t<img decoding=\"async\" src=\"https:\/\/lipersecurity.it\/wp-content\/uploads\/2023\/05\/si.png\" alt=\"\" \/>\n\t\t\t\t<\/div>\n\t\t\t\t\t\t\t<\/div>\n\t\t\t<div class=\"icon-box-content\">\n\t\t\t\t<h4 class=\"title\">SISTEMI DI VIDEOCONTROLLO<\/h4>\n\t\t\t\t<p class=\"description\"><\/p>\n\t\t\t<\/div>\n\t\t<\/div>\n\t\t\n\t\t\t\t\t\t<\/div>\n\t\t\t\t<\/div>\n\t\t\t\t<div class=\"elementor-element elementor-element-f5d7a8c elementor-widget elementor-widget-simple-heading\" data-id=\"f5d7a8c\" data-element_type=\"widget\" data-widget_type=\"simple-heading.default\">\n\t\t\t\t<div class=\"elementor-widget-container\">\n\t\t\t\t\t\r\n\t\t<div class=\"heading\">\r\n\t\t\t<p class=\"heading-text\">Monitora in tempo reale la tua azienda con i nostri sistemi di videocontrollo, che offrono immagini ad alta definizione e registrazione continua. Le nostre soluzioni integrate permettono di tenere sotto controllo ogni area critica, assicurando una supervisione costante e affidabile.<\/p>\r\n\t\t<\/div>\r\n\r\n\t\t\t\t\t\t<\/div>\n\t\t\t\t<\/div>\n\t\t\t\t<div class=\"elementor-element elementor-element-3075c22 elementor-widget elementor-widget-iconbox\" data-id=\"3075c22\" data-element_type=\"widget\" data-widget_type=\"iconbox.default\">\n\t\t\t\t<div class=\"elementor-widget-container\">\n\t\t\t\t\t\n\t\t\t\t\n\t\t<div class=\"icon-box style8\">\n\t\t\t<div class=\"icon-box-icon\">\n\t\t\t\t\t\t\t\t<div class=\"img-icon\">\n\t\t\t\t\t<img decoding=\"async\" src=\"https:\/\/lipersecurity.it\/wp-content\/uploads\/2023\/06\/feature-icon-imd2.png\" alt=\"\" \/>\n\t\t\t\t<\/div>\n\t\t\t\t\t\t\t<\/div>\n\t\t\t<div class=\"icon-box-content\">\n\t\t\t\t<h4 class=\"title\">SISTEMI ANTINCENDIO<\/h4>\n\t\t\t\t<p class=\"description\"><\/p>\n\t\t\t<\/div>\n\t\t<\/div>\n\t\t\n\t\t\t\t\t\t<\/div>\n\t\t\t\t<\/div>\n\t\t\t\t<div class=\"elementor-element elementor-element-13ddec4 elementor-widget elementor-widget-simple-heading\" data-id=\"13ddec4\" data-element_type=\"widget\" data-widget_type=\"simple-heading.default\">\n\t\t\t\t<div class=\"elementor-widget-container\">\n\t\t\t\t\t\r\n\t\t<div class=\"heading\">\r\n\t\t\t<p class=\"heading-text\">Salvaguarda il tuo business con i nostri sistemi antincendio, progettati per rilevare e intervenire tempestivamente in caso di incendio. Offriamo soluzioni complete, dalla rilevazione fumi alla gestione degli allarmi, per garantire la massima protezione delle persone e dei beni<\/p>\r\n\t\t<\/div>\r\n\r\n\t\t\t\t\t\t<\/div>\n\t\t\t\t<\/div>\n\t\t\t\t<div class=\"elementor-element elementor-element-451f951 elementor-widget elementor-widget-iconbox\" data-id=\"451f951\" data-element_type=\"widget\" data-widget_type=\"iconbox.default\">\n\t\t\t\t<div class=\"elementor-widget-container\">\n\t\t\t\t\t\n\t\t\t\t\n\t\t<div class=\"icon-box style8\">\n\t\t\t<div class=\"icon-box-icon\">\n\t\t\t\t\t\t\t\t<div class=\"img-icon\">\n\t\t\t\t\t<img decoding=\"async\" src=\"https:\/\/lipersecurity.it\/wp-content\/uploads\/2023\/05\/note.png\" alt=\"\" \/>\n\t\t\t\t<\/div>\n\t\t\t\t\t\t\t<\/div>\n\t\t\t<div class=\"icon-box-content\">\n\t\t\t\t<h4 class=\"title\">CONTROLLO ACCESSI<\/h4>\n\t\t\t\t<p class=\"description\"><\/p>\n\t\t\t<\/div>\n\t\t<\/div>\n\t\t\n\t\t\t\t\t\t<\/div>\n\t\t\t\t<\/div>\n\t\t\t\t<div class=\"elementor-element elementor-element-694ad26 elementor-widget elementor-widget-simple-heading\" data-id=\"694ad26\" data-element_type=\"widget\" data-widget_type=\"simple-heading.default\">\n\t\t\t\t<div class=\"elementor-widget-container\">\n\t\t\t\t\t\r\n\t\t<div class=\"heading\">\r\n\t\t\t<p class=\"heading-text\">Gestisci in modo efficiente l\u2019accesso alle aree riservate della tua azienda con i nostri sistemi di controllo accessi. Offriamo soluzioni personalizzate che includono badge, tastiere e tecnologie biometriche, assicurando un controllo preciso e sicuro degli ingressi.<\/p>\r\n\t\t<\/div>\r\n\r\n\t\t\t\t\t\t<\/div>\n\t\t\t\t<\/div>\n\t\t\t\t\t<\/div>\n\t\t<\/div>\n\t\t\t\t\t<\/div>\n\t\t<\/section>\n\t\t\t\t<\/div>\n\t\t","protected":false},"excerpt":{"rendered":"<p>https:\/\/lipersecurity.it\/wp-content\/uploads\/2025\/01\/AziendaSPOT.mp4 PROTEZIONE integrale della tua attivit\u00e0 Siamo specializzatI nell&#8217;installazione di sistemi di sicurezza all&#8217;avanguardia per proteggere la tua attivit\u00e0. Offriamo una vasta gamma di soluzioni personalizzate, inclusi impianti di videosorveglianza, sistemi di allarme, controllo accessi e rilevamento incendi. Ogni installazione \u00e8 realizzata con componenti di alta qualit\u00e0 e tecnologie innovative, garantendo massima affidabilit\u00e0 e prestazioni. [&hellip;]<\/p>\n","protected":false},"author":1,"featured_media":0,"parent":0,"menu_order":0,"comment_status":"closed","ping_status":"closed","template":"page-templates\/template-default.php","meta":{"footnotes":""},"class_list":["post-2748","page","type-page","status-publish","hentry"],"_links":{"self":[{"href":"https:\/\/lipersecurity.it\/index.php\/wp-json\/wp\/v2\/pages\/2748","targetHints":{"allow":["GET"]}}],"collection":[{"href":"https:\/\/lipersecurity.it\/index.php\/wp-json\/wp\/v2\/pages"}],"about":[{"href":"https:\/\/lipersecurity.it\/index.php\/wp-json\/wp\/v2\/types\/page"}],"author":[{"embeddable":true,"href":"https:\/\/lipersecurity.it\/index.php\/wp-json\/wp\/v2\/users\/1"}],"replies":[{"embeddable":true,"href":"https:\/\/lipersecurity.it\/index.php\/wp-json\/wp\/v2\/comments?post=2748"}],"version-history":[{"count":30,"href":"https:\/\/lipersecurity.it\/index.php\/wp-json\/wp\/v2\/pages\/2748\/revisions"}],"predecessor-version":[{"id":9683,"href":"https:\/\/lipersecurity.it\/index.php\/wp-json\/wp\/v2\/pages\/2748\/revisions\/9683"}],"wp:attachment":[{"href":"https:\/\/lipersecurity.it\/index.php\/wp-json\/wp\/v2\/media?parent=2748"}],"curies":[{"name":"wp","href":"https:\/\/api.w.org\/{rel}","templated":true}]}}